{"id":74,"date":"2016-10-05T13:07:21","date_gmt":"2016-10-05T11:07:21","guid":{"rendered":"http:\/\/www.vertrau-dir.ch\/?page_id=74"},"modified":"2016-11-07T13:00:50","modified_gmt":"2016-11-07T12:00:50","slug":"angebot","status":"publish","type":"page","link":"https:\/\/www.vertrau-dir.ch\/?page_id=74","title":{"rendered":"ANGEBOT"},"content":{"rendered":"<p>Es gibt nicht DAS Mentaltraining. Mentaltraining ist eine Ansammlung von verschiedenen Techniken und Methoden. Diese k\u00f6nnen je nach individuellen Bed\u00fcrfnissen zielspezifisch eingesetzt werden, um das Optimum f\u00fcr jede(n) Einzelne(n) zu erlangen.<\/p>\n<h4>Das\u00a0Angebot von Vertrau-dir.ch im \u00dcberblick<\/h4>\n<p>&nbsp;<\/p>\n<ul class=\"check\">\n<li><a style=\"text-decoration: none;\" href=\"http:\/\/www.vertrau-dir.ch\/?page_id=1117\">Mentaltraining<\/a><\/li>\n<li><a style=\"text-decoration: none;\" href=\"http:\/\/www.vertrau-dir.ch\/?page_id=1120\">Motivationstraining<\/a><\/li>\n<li><a style=\"text-decoration: none;\" href=\"http:\/\/www.vertrau-dir.ch\/?page_id=1123\">Autogenes Training<\/a><\/li>\n<li><a style=\"text-decoration: none;\" href=\"http:\/\/www.vertrau-dir.ch\/?page_id=1126\">Spezial-Coaching f\u00fcr Angeh\u00f6rige von Blaulichtorganisationen und Sicherheitsdiensten<\/a><\/li>\n<li>Coaching von Erwachsenen und Kindern<\/li>\n<li>Begleitetes Bewegen<\/li>\n<\/ul>\n<p>&nbsp;<\/p>\n<h4>Ihr individueller Coaching-Plan<\/h4>\n<p>Die verschiedenen Trainingsvariationen richten sich nach Ihren pers\u00f6nlichen Bed\u00fcrfnissen und k\u00f6nnen entsprechend kombiniert werden. Jeder Mensch ist anders, daher gibt es im Mentaltraining keine Pauschall\u00f6sungen.\u00a0Es wird ein individueller Coaching-Plan f\u00fcr Sie ausgearbeitet.<\/p>\n<p>In einem ersten, kostenlosen Beratungsgespr\u00e4ch k\u00f6nnen wir Ihr Programm gemeinsam definieren und Ihren pers\u00f6nlichen Coaching-Plan ausarbeiten.<\/p>\n<p>Sie streift der Gedanke \u00abIst das denn etwas f\u00fcr mich?\u00bb \u2013 finden Sie es heraus! Wagen Sie den Schritt in eine ver\u00e4nderte Zukunft. So wie sich Ihre Art zu denken \u00e4ndern kann, kann sich auch Ihr Leben \u00e4ndern. G\u00f6nnen Sie sich dieses neue Lebensgef\u00fchl.<\/p>\n<h4>Das erste Beratungsgespr\u00e4ch ist kostenlos!<\/h4>\n<p>Sie sind interessiert? Vereinbaren Sie gleich jetzt Ihren\u00a0<a href=\"http:\/\/www.vertrau-dir.ch\/?page_id=1049\">Termin<\/a> oder schreiben Sie mir eine <a href=\"http:\/\/www.vertrau-dir.ch\/?page_id=82\">Nachricht<\/a>.<\/p>\n<p>&nbsp;<\/p>","protected":false},"excerpt":{"rendered":"<p>Es gibt nicht DAS Mentaltraining. Mentaltraining ist eine Ansammlung von verschiedenen Techniken und Methoden. Diese k\u00f6nnen je nach individuellen Bed\u00fcrfnissen zielspezifisch eingesetzt werden, um das Optimum f\u00fcr jede(n) Einzelne(n) zu erlangen. Das\u00a0Angebot von Vertrau-dir.ch im \u00dcberblick &nbsp; Mentaltraining Motivationstraining Autogenes Training Spezial-Coaching f\u00fcr Angeh\u00f6rige von Blaulichtorganisationen und Sicherheitsdiensten Coaching von Erwachsenen und Kindern Begleitetes Bewegen [&hellip;]<\/p>\n","protected":false},"author":1,"featured_media":0,"parent":0,"menu_order":0,"comment_status":"closed","ping_status":"closed","template":"","meta":{"footnotes":""},"class_list":["post-74","page","type-page","status-publish","hentry"],"_links":{"self":[{"href":"https:\/\/www.vertrau-dir.ch\/index.php?rest_route=\/wp\/v2\/pages\/74","targetHints":{"allow":["GET"]}}],"collection":[{"href":"https:\/\/www.vertrau-dir.ch\/index.php?rest_route=\/wp\/v2\/pages"}],"about":[{"href":"https:\/\/www.vertrau-dir.ch\/index.php?rest_route=\/wp\/v2\/types\/page"}],"author":[{"embeddable":true,"href":"https:\/\/www.vertrau-dir.ch\/index.php?rest_route=\/wp\/v2\/users\/1"}],"replies":[{"embeddable":true,"href":"https:\/\/www.vertrau-dir.ch\/index.php?rest_route=%2Fwp%2Fv2%2Fcomments&post=74"}],"version-history":[{"count":46,"href":"https:\/\/www.vertrau-dir.ch\/index.php?rest_route=\/wp\/v2\/pages\/74\/revisions"}],"predecessor-version":[{"id":1337,"href":"https:\/\/www.vertrau-dir.ch\/index.php?rest_route=\/wp\/v2\/pages\/74\/revisions\/1337"}],"wp:attachment":[{"href":"https:\/\/www.vertrau-dir.ch\/index.php?rest_route=%2Fwp%2Fv2%2Fmedia&parent=74"}],"curies":[{"name":"wp","href":"https:\/\/api.w.org\/{rel}","templated":true}]}}