{"id":71,"date":"2016-10-05T13:03:28","date_gmt":"2016-10-05T11:03:28","guid":{"rendered":"http:\/\/www.vertrau-dir.ch\/?page_id=71"},"modified":"2025-10-09T07:08:39","modified_gmt":"2025-10-09T05:08:39","slug":"das-erwartet-sie","status":"publish","type":"page","link":"https:\/\/www.vertrau-dir.ch\/?page_id=71","title":{"rendered":"DAS ERWARTET SIE"},"content":{"rendered":"<p>\u2026 Bei einem ersten Treffen lernen wir uns pers\u00f6nlich kennen, um Ihre Bed\u00fcrfnisse abzukl\u00e4ren. Sind diese dann festgelegt, kann ich Sie mit meinen Techniken unterst\u00fctzen und es geht an die Planung der n\u00e4chsten Coachings gem\u00e4ss Ihrem <a href=\"http:\/\/www.vertrau-dir.ch\/?page_id=74\">individuellen Coaching-Plan<\/a>.<\/p>\n<p>\u2026\u00a0Sie m\u00fcssen gewillt und bereit sein, auch \u00abHausaufgaben\u00bb zu machen. Denn: Hier geht es um Motivations- und\/oder MentalTRAINING, wobei durch die Wiederholungen die Angewohnheit, welche nicht mehr erw\u00fcnscht ist, umprogrammiert wird. Das braucht nicht nur Zeit, sondern auch \u00dcbung.<\/p>\n<p>\u2026\u00a0Mein Ziel und Credo: Hilfe zur Selbsthilfe. Ich vermittle Ihnen innerhalb sechs bis acht Coachings (je nach Bedarf) die n\u00f6tigen Hilfsmittel, die Sie k\u00fcnftig selbst im Alltag einsetzen k\u00f6nnen.<\/p>\n<blockquote><p>Ich reiche Ihnen die Hand \u2013 laufen werden Sie selbst.<\/p><\/blockquote>\n<div id=\"attachment_1161\" style=\"width: 310px\" class=\"wp-caption aligncenter\"><a href=\"http:\/\/www.vertrau-dir.ch\/?attachment_id=1161\" rel=\"attachment wp-att-1161\"><img loading=\"lazy\" decoding=\"async\" aria-describedby=\"caption-attachment-1161\" class=\"size-medium wp-image-1161\" src=\"http:\/\/www.vertrau-dir.ch\/wp-content\/uploads\/2016\/10\/Bildschirmfoto-2016-10-25-um-13.22.58-300x199.png\" alt=\"Der Coachingbereich f\u00fcr Sie in Niedermuhren.\" width=\"300\" height=\"199\" srcset=\"https:\/\/www.vertrau-dir.ch\/wp-content\/uploads\/2016\/10\/Bildschirmfoto-2016-10-25-um-13.22.58-300x199.png 300w, https:\/\/www.vertrau-dir.ch\/wp-content\/uploads\/2016\/10\/Bildschirmfoto-2016-10-25-um-13.22.58-768x509.png 768w, https:\/\/www.vertrau-dir.ch\/wp-content\/uploads\/2016\/10\/Bildschirmfoto-2016-10-25-um-13.22.58-1024x679.png 1024w, https:\/\/www.vertrau-dir.ch\/wp-content\/uploads\/2016\/10\/Bildschirmfoto-2016-10-25-um-13.22.58.png 1090w\" sizes=\"auto, (max-width: 300px) 100vw, 300px\" \/><\/a><p id=\"caption-attachment-1161\" class=\"wp-caption-text\">Der Coachingbereich f\u00fcr Sie in Niedermuhren.<\/p><\/div>\n<h5>Und gut zu wissen\u2026<\/h5>\n<p>&#8230;\u00a0Motivations- und Mentaltraining ist f\u00fcr alle Menschen geeignet, die in ihrem Leben etwas zum Positivem ver\u00e4ndern m\u00f6chten.<\/p>\n<p>\u2026\u00a0Es eignet sich f\u00fcr alle Alterskategorien (ab 10 J. bis 99 J.) \u2013 und somit f\u00fcr Junge und jung Gebliebene.<\/p>\n<p><!--\n\n[caption id=\"attachment_1160\" align=\"aligncenter\" width=\"300\"]<a href=\"http:\/\/www.vertrau-dir.ch\/?attachment_id=1160\" rel=\"attachment wp-att-1160\"><img loading=\"lazy\" decoding=\"async\" class=\"size-medium wp-image-1160\" src=\"http:\/\/www.vertrau-dir.ch\/wp-content\/uploads\/2016\/10\/Bildschirmfoto-2016-10-25-um-13.22.34-300x222.png\" alt=\"Der Eingangsbereich zu meinem Coachingraum.\" width=\"300\" height=\"222\" srcset=\"https:\/\/www.vertrau-dir.ch\/wp-content\/uploads\/2016\/10\/Bildschirmfoto-2016-10-25-um-13.22.34-300x222.png 300w, https:\/\/www.vertrau-dir.ch\/wp-content\/uploads\/2016\/10\/Bildschirmfoto-2016-10-25-um-13.22.34-768x569.png 768w, https:\/\/www.vertrau-dir.ch\/wp-content\/uploads\/2016\/10\/Bildschirmfoto-2016-10-25-um-13.22.34.png 944w\" sizes=\"auto, (max-width: 300px) 100vw, 300px\" \/><\/a> Der Eingangsbereich zu meinem Coachingraum.[\/caption]\n\n--><\/p>","protected":false},"excerpt":{"rendered":"<p>\u2026 Bei einem ersten Treffen lernen wir uns pers\u00f6nlich kennen, um Ihre Bed\u00fcrfnisse abzukl\u00e4ren. Sind diese dann festgelegt, kann ich Sie mit meinen Techniken unterst\u00fctzen und es geht an die Planung der n\u00e4chsten Coachings gem\u00e4ss Ihrem individuellen Coaching-Plan. \u2026\u00a0Sie m\u00fcssen gewillt und bereit sein, auch \u00abHausaufgaben\u00bb zu machen. Denn: Hier geht es um Motivations- und\/oder [&hellip;]<\/p>\n","protected":false},"author":1,"featured_media":0,"parent":0,"menu_order":0,"comment_status":"closed","ping_status":"closed","template":"","meta":{"footnotes":""},"class_list":["post-71","page","type-page","status-publish","hentry"],"_links":{"self":[{"href":"https:\/\/www.vertrau-dir.ch\/index.php?rest_route=\/wp\/v2\/pages\/71","targetHints":{"allow":["GET"]}}],"collection":[{"href":"https:\/\/www.vertrau-dir.ch\/index.php?rest_route=\/wp\/v2\/pages"}],"about":[{"href":"https:\/\/www.vertrau-dir.ch\/index.php?rest_route=\/wp\/v2\/types\/page"}],"author":[{"embeddable":true,"href":"https:\/\/www.vertrau-dir.ch\/index.php?rest_route=\/wp\/v2\/users\/1"}],"replies":[{"embeddable":true,"href":"https:\/\/www.vertrau-dir.ch\/index.php?rest_route=%2Fwp%2Fv2%2Fcomments&post=71"}],"version-history":[{"count":19,"href":"https:\/\/www.vertrau-dir.ch\/index.php?rest_route=\/wp\/v2\/pages\/71\/revisions"}],"predecessor-version":[{"id":1356,"href":"https:\/\/www.vertrau-dir.ch\/index.php?rest_route=\/wp\/v2\/pages\/71\/revisions\/1356"}],"wp:attachment":[{"href":"https:\/\/www.vertrau-dir.ch\/index.php?rest_route=%2Fwp%2Fv2%2Fmedia&parent=71"}],"curies":[{"name":"wp","href":"https:\/\/api.w.org\/{rel}","templated":true}]}}