{"id":1126,"date":"2016-10-24T23:16:27","date_gmt":"2016-10-24T21:16:27","guid":{"rendered":"http:\/\/www.vertrau-dir.ch\/?page_id=1126"},"modified":"2016-10-30T12:47:05","modified_gmt":"2016-10-30T11:47:05","slug":"coaching-fuer-angehoerige-von-blaulichtorganisationen-und-sicherheitsdiensten","status":"publish","type":"page","link":"https:\/\/www.vertrau-dir.ch\/?page_id=1126","title":{"rendered":"Coaching f\u00fcr Angeh\u00f6rige von Blaulichtorganisationen und Sicherheitsdiensten"},"content":{"rendered":"<p>&nbsp;<\/p>\n<p>F\u00fcr in Blaulichtorganisationen oder in der Sicherheitsbranche t\u00e4tige Personen ist es allgegenw\u00e4rtig: Der Alarm (Pager, Natel\u2026) geht los. und Sie werden pl\u00f6tzlich aus einer Besch\u00e4ftigung gerissen. Hier ist effizientes Handeln gefragt. Das kann nur durch Ruhe, einen k\u00fchlen Kopf und strukturiertes Vorgehen erreicht werden.<\/p>\n<p>Oder vielleicht kennen Sie die Situation, dass Sie als Sicherheitsbeauftragter irgendwo sind und das Publikum Ihren Anweisungen nicht Folge leisten will? Auch hier ist es elementar, die Ruhe zu bewahren. So kommen Sie zu Ihrem Ziel und tragen dazu bei, die Situation nicht eskalieren zu lassen. In meinem Spezial-Coaching f\u00fcr Angeh\u00f6rige von Blaulichtorganisationen und Sicherheitsdiensten lernen Sie, worauf es dabei ankommt.<\/p>\n<h4>Schwierige Situationen m\u00fcssen kein Stressfaktor sein<\/h4>\n<p>Lassen Sie sich \u00fcberraschen, mit welchen Techniken Sie diese und zahlreiche andere Situationen meistern k\u00f6nnen. So k\u00f6nnen Sie bei der Arbeit l\u00e4nger gelassen bleiben, ohne schwierige Situationen als Stressfaktor erfahren zu m\u00fcssen und die Freude an Ihrer T\u00e4tigkeit zu verlieren. L\u00e4ngerfristig wird es Ihnen so besser gehen, wovon auch Ihr Umfeld massgebend profitieren kann.<\/p>\n<h4>Profitieren Sie von meinen Erfahrungen<\/h4>\n<p>Selbst erlebt \u2013 selbst gelebt. Als langj\u00e4hrige Angeh\u00f6rige der <a href=\"https:\/\/www.fwluzern.ch\/\" target=\"_blank\">Feuerwehr Stadt Luzern<\/a> mit diversen Zusatzaufgaben ist mir bekannt, was passiert, wenn Einsatz gefordert ist, man pl\u00f6tzlich aus dem regul\u00e4ren Alltagstrott gerissen wird. Und man sich unerwartet auf neue, schwierige Situationen einstellen muss.\u00a0Nutzen Sie meine Erfahrung in diesen Bereichen und die M\u00f6glichkeit, Ihnen das Leben lebenswerter zu machen! Erfahren Sie mehr <a href=\"http:\/\/www.vertrau-dir.ch\/?page_id=898\">\u00fcber mich<\/a>.<\/p>","protected":false},"excerpt":{"rendered":"<p>&nbsp; F\u00fcr in Blaulichtorganisationen oder in der Sicherheitsbranche t\u00e4tige Personen ist es allgegenw\u00e4rtig: Der Alarm (Pager, Natel\u2026) geht los. und Sie werden pl\u00f6tzlich aus einer Besch\u00e4ftigung gerissen. Hier ist effizientes Handeln gefragt. Das kann nur durch Ruhe, einen k\u00fchlen Kopf und strukturiertes Vorgehen erreicht werden. Oder vielleicht kennen Sie die Situation, dass Sie als Sicherheitsbeauftragter [&hellip;]<\/p>\n","protected":false},"author":1,"featured_media":1227,"parent":74,"menu_order":4,"comment_status":"closed","ping_status":"closed","template":"","meta":{"footnotes":""},"class_list":["post-1126","page","type-page","status-publish","has-post-thumbnail","hentry"],"_links":{"self":[{"href":"https:\/\/www.vertrau-dir.ch\/index.php?rest_route=\/wp\/v2\/pages\/1126","targetHints":{"allow":["GET"]}}],"collection":[{"href":"https:\/\/www.vertrau-dir.ch\/index.php?rest_route=\/wp\/v2\/pages"}],"about":[{"href":"https:\/\/www.vertrau-dir.ch\/index.php?rest_route=\/wp\/v2\/types\/page"}],"author":[{"embeddable":true,"href":"https:\/\/www.vertrau-dir.ch\/index.php?rest_route=\/wp\/v2\/users\/1"}],"replies":[{"embeddable":true,"href":"https:\/\/www.vertrau-dir.ch\/index.php?rest_route=%2Fwp%2Fv2%2Fcomments&post=1126"}],"version-history":[{"count":22,"href":"https:\/\/www.vertrau-dir.ch\/index.php?rest_route=\/wp\/v2\/pages\/1126\/revisions"}],"predecessor-version":[{"id":1293,"href":"https:\/\/www.vertrau-dir.ch\/index.php?rest_route=\/wp\/v2\/pages\/1126\/revisions\/1293"}],"up":[{"embeddable":true,"href":"https:\/\/www.vertrau-dir.ch\/index.php?rest_route=\/wp\/v2\/pages\/74"}],"wp:featuredmedia":[{"embeddable":true,"href":"https:\/\/www.vertrau-dir.ch\/index.php?rest_route=\/wp\/v2\/media\/1227"}],"wp:attachment":[{"href":"https:\/\/www.vertrau-dir.ch\/index.php?rest_route=%2Fwp%2Fv2%2Fmedia&parent=1126"}],"curies":[{"name":"wp","href":"https:\/\/api.w.org\/{rel}","templated":true}]}}