{"id":1120,"date":"2016-10-24T23:14:40","date_gmt":"2016-10-24T21:14:40","guid":{"rendered":"http:\/\/www.vertrau-dir.ch\/?page_id=1120"},"modified":"2016-10-26T11:37:26","modified_gmt":"2016-10-26T09:37:26","slug":"motivationstraining","status":"publish","type":"page","link":"https:\/\/www.vertrau-dir.ch\/?page_id=1120","title":{"rendered":"Motivationstraining"},"content":{"rendered":"<p>Ihnen fehlt die Motivation, an grauen Tagen aus dem Bett zu steigen, und Sie kuscheln sich lieber nochmals in der warmen Bettdecke ein, anstatt Ihren Pflichten nachzugehen? Wie w\u00e4re es denn, wenn alle um Sie herum mit dieser Moral in den Tag starten und Sie die motivierte Person w\u00e4ren? Und wie w\u00e4re es, wenn Sie die Welt anders wahrnehmen k\u00f6nnten als alle anderen in Ihrer Umgebung?<\/p>\n<h4>Lassen Sie Ihre Motivation wachsen!<\/h4>\n<p>Niemand ist vor Lustlosigkeit oder Antriebslosigkeit gefeit. Die Frage ist, wie Sie damit umgehen. Durch Gedankenexperimente und\/oder konkrete Inputs kann die Motivation in Ihnen wachsen und Ihnen dabei helfen, Ihre pers\u00f6nlichen Ziele zu erreichen.<\/p>\n<p>Lassen Sie sich von den M\u00f6glichkeiten hierzu \u00fcberraschen und melden Sie sich mit Ihrem Anliegen zu einem kostenlosen Beratungsgespr\u00e4ch. Sie werden staunen!<\/p>","protected":false},"excerpt":{"rendered":"<p>Ihnen fehlt die Motivation, an grauen Tagen aus dem Bett zu steigen, und Sie kuscheln sich lieber nochmals in der warmen Bettdecke ein, anstatt Ihren Pflichten nachzugehen? Wie w\u00e4re es denn, wenn alle um Sie herum mit dieser Moral in den Tag starten und Sie die motivierte Person w\u00e4ren? Und wie w\u00e4re es, wenn Sie [&hellip;]<\/p>\n","protected":false},"author":1,"featured_media":0,"parent":74,"menu_order":2,"comment_status":"closed","ping_status":"closed","template":"","meta":{"footnotes":""},"class_list":["post-1120","page","type-page","status-publish","hentry"],"_links":{"self":[{"href":"https:\/\/www.vertrau-dir.ch\/index.php?rest_route=\/wp\/v2\/pages\/1120","targetHints":{"allow":["GET"]}}],"collection":[{"href":"https:\/\/www.vertrau-dir.ch\/index.php?rest_route=\/wp\/v2\/pages"}],"about":[{"href":"https:\/\/www.vertrau-dir.ch\/index.php?rest_route=\/wp\/v2\/types\/page"}],"author":[{"embeddable":true,"href":"https:\/\/www.vertrau-dir.ch\/index.php?rest_route=\/wp\/v2\/users\/1"}],"replies":[{"embeddable":true,"href":"https:\/\/www.vertrau-dir.ch\/index.php?rest_route=%2Fwp%2Fv2%2Fcomments&post=1120"}],"version-history":[{"count":5,"href":"https:\/\/www.vertrau-dir.ch\/index.php?rest_route=\/wp\/v2\/pages\/1120\/revisions"}],"predecessor-version":[{"id":1257,"href":"https:\/\/www.vertrau-dir.ch\/index.php?rest_route=\/wp\/v2\/pages\/1120\/revisions\/1257"}],"up":[{"embeddable":true,"href":"https:\/\/www.vertrau-dir.ch\/index.php?rest_route=\/wp\/v2\/pages\/74"}],"wp:attachment":[{"href":"https:\/\/www.vertrau-dir.ch\/index.php?rest_route=%2Fwp%2Fv2%2Fmedia&parent=1120"}],"curies":[{"name":"wp","href":"https:\/\/api.w.org\/{rel}","templated":true}]}}