{"id":1117,"date":"2016-10-24T23:14:06","date_gmt":"2016-10-24T21:14:06","guid":{"rendered":"http:\/\/www.vertrau-dir.ch\/?page_id=1117"},"modified":"2016-11-01T19:10:43","modified_gmt":"2016-11-01T18:10:43","slug":"mentaltraining","status":"publish","type":"page","link":"https:\/\/www.vertrau-dir.ch\/?page_id=1117","title":{"rendered":"Mentaltraining"},"content":{"rendered":"<p>Wer kennt oder hat es nicht: Die eine oder andere \u00abdoofe\u00bb Angewohnheit, eine m\u00fchsame Arbeit, die immer wieder kommt (Pr\u00fcfung schreiben, ein wichtiges Referat halten, und was es sonst noch so gibt) und man hat immer den gleichen Stolperstein \u2013 n\u00e4mlich sich selbst.<\/p>\n<p>W\u00e4hrend den einen anscheinend alles ganz locker von der Hand geht, hadern andere mit sich selbst und qu\u00e4len sich mit dem Gef\u00fchl, nichts auf die Reihe zu bringen. Es kann sehr frustrierend sein, es nicht \u00fcber die eigenen Grenzen hinaus zu schaffen, da diese un\u00fcberwindbar scheinen und so die Perspektiven auf das eigene Leben tr\u00fcben. Doch das muss nicht sein. Sie tragen die Kraft in sich, dies und somit Ihr Leben ins Positive zu ver\u00e4ndern.<\/p>\n<h4>Mentaltraining: Die L\u00f6sung ist einfacher, als Sie denken!<\/h4>\n<p>Lassen Sie sich \u00fcberraschen, mit welchen Werkzeugen ich Sie unterst\u00fctzen kann, um k\u00fcnftig:<\/p>\n<ul>\n<li>Ihren Alltag zu erleichtern,<\/li>\n<li>mehr Freude zu erleben,<\/li>\n<li>mit mehr Leichtigkeit zu leben oder<\/li>\n<li>mehr Struktur zu erlangen, um Ihre Ziele erreichen zu k\u00f6nnen.<\/li>\n<\/ul>\n<p>Gerne offeriere ich ein kostenloses Beratungsgespr\u00e4ch, in welchem die M\u00f6glichkeiten im Rahmen Ihrer pers\u00f6nlichen Situation abgewogen werden k\u00f6nnen.<\/p>","protected":false},"excerpt":{"rendered":"<p>Wer kennt oder hat es nicht: Die eine oder andere \u00abdoofe\u00bb Angewohnheit, eine m\u00fchsame Arbeit, die immer wieder kommt (Pr\u00fcfung schreiben, ein wichtiges Referat halten, und was es sonst noch so gibt) und man hat immer den gleichen Stolperstein \u2013 n\u00e4mlich sich selbst. W\u00e4hrend den einen anscheinend alles ganz locker von der Hand geht, hadern [&hellip;]<\/p>\n","protected":false},"author":1,"featured_media":0,"parent":74,"menu_order":1,"comment_status":"closed","ping_status":"closed","template":"","meta":{"footnotes":""},"class_list":["post-1117","page","type-page","status-publish","hentry"],"_links":{"self":[{"href":"https:\/\/www.vertrau-dir.ch\/index.php?rest_route=\/wp\/v2\/pages\/1117","targetHints":{"allow":["GET"]}}],"collection":[{"href":"https:\/\/www.vertrau-dir.ch\/index.php?rest_route=\/wp\/v2\/pages"}],"about":[{"href":"https:\/\/www.vertrau-dir.ch\/index.php?rest_route=\/wp\/v2\/types\/page"}],"author":[{"embeddable":true,"href":"https:\/\/www.vertrau-dir.ch\/index.php?rest_route=\/wp\/v2\/users\/1"}],"replies":[{"embeddable":true,"href":"https:\/\/www.vertrau-dir.ch\/index.php?rest_route=%2Fwp%2Fv2%2Fcomments&post=1117"}],"version-history":[{"count":7,"href":"https:\/\/www.vertrau-dir.ch\/index.php?rest_route=\/wp\/v2\/pages\/1117\/revisions"}],"predecessor-version":[{"id":1303,"href":"https:\/\/www.vertrau-dir.ch\/index.php?rest_route=\/wp\/v2\/pages\/1117\/revisions\/1303"}],"up":[{"embeddable":true,"href":"https:\/\/www.vertrau-dir.ch\/index.php?rest_route=\/wp\/v2\/pages\/74"}],"wp:attachment":[{"href":"https:\/\/www.vertrau-dir.ch\/index.php?rest_route=%2Fwp%2Fv2%2Fmedia&parent=1117"}],"curies":[{"name":"wp","href":"https:\/\/api.w.org\/{rel}","templated":true}]}}