{"id":1053,"date":"2016-10-05T13:54:43","date_gmt":"2016-10-05T11:54:43","guid":{"rendered":"http:\/\/www.vertrau-dir.ch\/?page_id=1053"},"modified":"2016-10-30T12:49:25","modified_gmt":"2016-10-30T11:49:25","slug":"impressum","status":"publish","type":"page","link":"https:\/\/www.vertrau-dir.ch\/?page_id=1053","title":{"rendered":"IMPRESSUM"},"content":{"rendered":"<h4>Vertrau-dir.ch<\/h4>\n<p>Buochserstrasse 22, 6373 Ennetb\u00fcrgen NW<\/p>\n<p>Die Rechte s\u00e4mtlicher Inhalte liegen bei Michelle Crapella-Papet<br \/>\nBildlizenzen: <a href=\"http:\/\/www.fotolia.com\">Fotolia.com<\/a><\/p>\n<p>Diese Webseite wird unterst\u00fctzt durch die <a href=\"http:\/\/www.text-manufaktur.ch\/\">Textmanufaktur<\/a>, 6003 Luzern;\u00a0<a href=\"mailto:hallo@text-manufaktur.ch\">Kontakt<\/a><\/p>","protected":false},"excerpt":{"rendered":"<p>Vertrau-dir.ch Buochserstrasse 22, 6373 Ennetb\u00fcrgen NW Die Rechte s\u00e4mtlicher Inhalte liegen bei Michelle Crapella-Papet Bildlizenzen: Fotolia.com Diese Webseite wird unterst\u00fctzt durch die Textmanufaktur, 6003 Luzern;\u00a0Kontakt<\/p>\n","protected":false},"author":1,"featured_media":0,"parent":0,"menu_order":0,"comment_status":"closed","ping_status":"closed","template":"","meta":{"footnotes":""},"class_list":["post-1053","page","type-page","status-publish","hentry"],"_links":{"self":[{"href":"https:\/\/www.vertrau-dir.ch\/index.php?rest_route=\/wp\/v2\/pages\/1053","targetHints":{"allow":["GET"]}}],"collection":[{"href":"https:\/\/www.vertrau-dir.ch\/index.php?rest_route=\/wp\/v2\/pages"}],"about":[{"href":"https:\/\/www.vertrau-dir.ch\/index.php?rest_route=\/wp\/v2\/types\/page"}],"author":[{"embeddable":true,"href":"https:\/\/www.vertrau-dir.ch\/index.php?rest_route=\/wp\/v2\/users\/1"}],"replies":[{"embeddable":true,"href":"https:\/\/www.vertrau-dir.ch\/index.php?rest_route=%2Fwp%2Fv2%2Fcomments&post=1053"}],"version-history":[{"count":5,"href":"https:\/\/www.vertrau-dir.ch\/index.php?rest_route=\/wp\/v2\/pages\/1053\/revisions"}],"predecessor-version":[{"id":1295,"href":"https:\/\/www.vertrau-dir.ch\/index.php?rest_route=\/wp\/v2\/pages\/1053\/revisions\/1295"}],"wp:attachment":[{"href":"https:\/\/www.vertrau-dir.ch\/index.php?rest_route=%2Fwp%2Fv2%2Fmedia&parent=1053"}],"curies":[{"name":"wp","href":"https:\/\/api.w.org\/{rel}","templated":true}]}}