{"id":1049,"date":"2016-10-05T13:46:23","date_gmt":"2016-10-05T11:46:23","guid":{"rendered":"http:\/\/www.vertrau-dir.ch\/?page_id=1049"},"modified":"2025-10-09T07:17:41","modified_gmt":"2025-10-09T05:17:41","slug":"termin-online-buchen","status":"publish","type":"page","link":"https:\/\/www.vertrau-dir.ch\/?page_id=1049","title":{"rendered":"TERMIN BUCHEN"},"content":{"rendered":"<p>Buchen Sie Ihren Coaching-Termin oder Ihr unverbindliches, kostenloses Beratungsgespr\u00e4ch noch heute! Ganz bequem und unkompliziert mittels Mail, Anruf oder WhatsApp \u2013 f\u00fcr ein Termin zu Ihrer gew\u00fcnschten Zeit.<\/p>\n<p>Gerne werde ich mich pers\u00f6nlich innert 24h bei Ihnen melden, um den Termin mit Ihnen zu vereinbaren.<\/p>\n<p><span style=\"color: #ffffff;\">x<\/span><\/p>\n<p>Bitte beachten Sie, dass Terminabsagen mindestens 48 Stunden im Voraus erfolgen m\u00fcssen.\u00a0Bei versp\u00e4teter Absage von Terminen behalte ich mir vor, diese in Rechnung zu stellen.<\/p>\n<h4>\u00d6ffnungszeiten<\/h4>\n<p>Montag bis Freitag: 19 bis 22 Uhr<br \/>\nSamstag: 8 bis 16 Uhr<br \/>\nSonntag: geschlossen<br \/>\n(Coachings ausserhalb der \u00d6ffnungszeiten auf Anfrage)<\/p>\n<p>Meinen Coachingraum und weitere Kontaktinformationen finden Sie <a href=\"http:\/\/www.vertrau-dir.ch\/?page_id=82\">hier<\/a>.<\/p>\n<p>Ein kostenloser Parkplatz steht Ihnen direkt vor meinem Coachingraum zur Verf\u00fcgung.<\/p>\n<h4>Das erste Beratungsgespr\u00e4ch ist kostenlos<\/h4>\n<p>Ich freue mich, Sie schon bald begr\u00fcssen zu d\u00fcrfen!<\/p>\n<p>Michelle Crapella-Papet<br \/>\nDipl. Mentaltrainerin<\/p>\n<p>&nbsp;<\/p>","protected":false},"excerpt":{"rendered":"<p>Buchen Sie Ihren Coaching-Termin oder Ihr unverbindliches, kostenloses Beratungsgespr\u00e4ch noch heute! Ganz bequem und unkompliziert mittels Mail, Anruf oder WhatsApp \u2013 f\u00fcr ein Termin zu Ihrer gew\u00fcnschten Zeit. Gerne werde ich mich pers\u00f6nlich innert 24h bei Ihnen melden, um den Termin mit Ihnen zu vereinbaren. x Bitte beachten Sie, dass Terminabsagen mindestens 48 Stunden im [&hellip;]<\/p>\n","protected":false},"author":1,"featured_media":0,"parent":0,"menu_order":0,"comment_status":"closed","ping_status":"closed","template":"","meta":{"footnotes":""},"class_list":["post-1049","page","type-page","status-publish","hentry"],"_links":{"self":[{"href":"https:\/\/www.vertrau-dir.ch\/index.php?rest_route=\/wp\/v2\/pages\/1049","targetHints":{"allow":["GET"]}}],"collection":[{"href":"https:\/\/www.vertrau-dir.ch\/index.php?rest_route=\/wp\/v2\/pages"}],"about":[{"href":"https:\/\/www.vertrau-dir.ch\/index.php?rest_route=\/wp\/v2\/types\/page"}],"author":[{"embeddable":true,"href":"https:\/\/www.vertrau-dir.ch\/index.php?rest_route=\/wp\/v2\/users\/1"}],"replies":[{"embeddable":true,"href":"https:\/\/www.vertrau-dir.ch\/index.php?rest_route=%2Fwp%2Fv2%2Fcomments&post=1049"}],"version-history":[{"count":35,"href":"https:\/\/www.vertrau-dir.ch\/index.php?rest_route=\/wp\/v2\/pages\/1049\/revisions"}],"predecessor-version":[{"id":1364,"href":"https:\/\/www.vertrau-dir.ch\/index.php?rest_route=\/wp\/v2\/pages\/1049\/revisions\/1364"}],"wp:attachment":[{"href":"https:\/\/www.vertrau-dir.ch\/index.php?rest_route=%2Fwp%2Fv2%2Fmedia&parent=1049"}],"curies":[{"name":"wp","href":"https:\/\/api.w.org\/{rel}","templated":true}]}}